{"id":2,"date":"2021-03-11T12:31:38","date_gmt":"2021-03-11T12:31:38","guid":{"rendered":"http:\/\/aecconfeccoes.com.br\/?page_id=2"},"modified":"2024-11-22T15:58:06","modified_gmt":"2024-11-22T18:58:06","slug":"sample-page","status":"publish","type":"page","link":"https:\/\/aecconfeccoes.com.br\/index.php\/sample-page\/","title":{"rendered":"Sobre n\u00f3s"},"content":{"rendered":"<div data-colibri-id=\"2-c1\" class=\"style-368 style-local-2-c1 position-relative\">\n  <!---->\n  <div data-colibri-component=\"section\" data-colibri-id=\"2-c2\" id=\"initial-content\" class=\"h-section h-section-global-spacing d-flex align-items-lg-center align-items-md-center align-items-center style-369 style-local-2-c2 position-relative\">\n    <!---->\n    <!---->\n    <div class=\"h-section-grid-container h-section-boxed-container\">\n      <!---->\n      <div data-colibri-id=\"2-c3\" class=\"h-row-container gutters-row-lg-2 gutters-row-md-2 gutters-row-0 gutters-row-v-lg-2 gutters-row-v-md-2 gutters-row-v-2 style-374 style-local-2-c3 position-relative\">\n        <!---->\n        <div class=\"h-row justify-content-lg-center justify-content-md-center justify-content-center align-items-lg-stretch align-items-md-stretch align-items-stretch gutters-col-lg-2 gutters-col-md-2 gutters-col-0 gutters-col-v-lg-2 gutters-col-v-md-2 gutters-col-v-2\">\n          <!---->\n          <div class=\"h-column h-column-container d-flex h-col-lg-auto h-col-md-auto h-col-auto style-375-outer style-local-2-c4-outer\">\n            <div data-colibri-id=\"2-c4\" class=\"d-flex h-flex-basis h-column__inner h-px-lg-2 h-px-md-2 h-px-2 v-inner-lg-2 v-inner-md-2 v-inner-2 style-375 style-local-2-c4 position-relative\">\n              <!---->\n              <!---->\n              <div class=\"w-100 h-y-container h-column__content h-column__v-align flex-basis-100 align-self-lg-start align-self-md-start align-self-start\">\n                <!---->\n                <div data-colibri-id=\"2-c5\" class=\"h-global-transition-all h-heading style-376 style-local-2-c5 position-relative h-element\">\n                  <!---->\n                  <div class=\"h-heading__outer style-376 style-local-2-c5\">\n                    <!---->\n                    <!---->\n                    <h1 class=\"\">Nossa hist\u00f3ria<\/h1>\n                  <\/div>\n                <\/div>\n              <\/div>\n            <\/div>\n          <\/div>\n        <\/div>\n      <\/div>\n      <div data-colibri-id=\"2-c6\" class=\"h-row-container gutters-row-lg-2 gutters-row-md-2 gutters-row-0 gutters-row-v-lg-2 gutters-row-v-md-2 gutters-row-v-2 style-370 style-local-2-c6 position-relative\">\n        <!---->\n        <div class=\"h-row justify-content-lg-center justify-content-md-center justify-content-center align-items-lg-stretch align-items-md-stretch align-items-stretch gutters-col-lg-2 gutters-col-md-2 gutters-col-0 gutters-col-v-lg-2 gutters-col-v-md-2 gutters-col-v-2\">\n          <!---->\n          <div class=\"h-column h-column-container d-flex h-col-lg-auto h-col-md-auto h-col-auto style-371-outer style-local-2-c7-outer\">\n            <div data-colibri-id=\"2-c7\" class=\"d-flex h-flex-basis h-column__inner h-px-lg-2 h-px-md-2 h-px-2 v-inner-lg-2 v-inner-md-2 v-inner-2 style-371 style-local-2-c7 position-relative\">\n              <!---->\n              <!---->\n              <div class=\"w-100 h-y-container h-column__content h-column__v-align flex-basis-100 align-self-lg-start align-self-md-start align-self-start\">\n                <!---->\n                <div data-colibri-id=\"2-c8\" class=\"h-text h-text-component style-377 style-local-2-c8 position-relative h-element\">\n                  <!---->\n                  <!---->\n                  <div class=\"\">\n                    <p>A<span style=\"font-size: 17px;\">&nbsp;<\/span><strong style=\"font-size: 17px; font-weight: 700;\">Vittoria Uniformes<\/strong>&nbsp;surgiu em meados de 2013, instalada em uma pequena casa na Ponte do Imaruim Palho\u00e7a.<\/p>\n                    <p>Tendo como desafio o seu pr\u00f3prio crescimento, para atender a demanda de seus clientes, que foram sendo conquistados pela confian\u00e7a, qualidade em seus produtos.<\/p>\n                    <p>Com o passar do tempo tornou-se necess\u00e1ria a busca por um novo espa\u00e7o f\u00edsico para&nbsp;a continuidade de seu desenvolvimento.<\/p>\n                    <p>No final de 2018, ap\u00f3s 5 anos e atingidos seus objetivos iniciais , foi iniciada a reorganiza\u00e7\u00e3o de toda a estrutura , administrativa, operacional e comercial.<\/p>\n                    <p>Em meados de 2019 uma mudan\u00e7a aconteceu!<\/p>\n                    <p>Com novas instala\u00e7\u00f5es, visando a busca continua de crescimento e confiabilidade.<\/p>\n                    <p>Mas agora, em 2024, chegamos com uma cara nova! Pensando sempre no aumento da qualidade dos nossos produtos e agilidade no atendimento.<\/p>\n                    <p>Agora estamos mais digitais, s\u00f3 que cada vez mais pr\u00f3ximo de nossos clientes e parceiros!<\/p>\n                    <p>\n                      <br>\n                    <\/p>\n                  <\/div>\n                <\/div>\n              <\/div>\n            <\/div>\n          <\/div>\n          <div class=\"h-column h-column-container d-flex h-col-lg-auto h-col-md-auto h-col-auto style-373-outer style-local-2-c9-outer\">\n            <div data-colibri-id=\"2-c9\" class=\"d-flex h-flex-basis h-column__inner h-ui-empty-state-container h-px-lg-2 h-px-md-2 h-px-2 v-inner-lg-2 v-inner-md-2 v-inner-2 style-373 style-local-2-c9 position-relative\">\n              <!---->\n              <!---->\n              <div class=\"w-100 h-y-container h-column__content h-column__v-align flex-basis-100\">\n                <!---->\n              <\/div>\n            <\/div>\n          <\/div>\n        <\/div>\n      <\/div>\n    <\/div>\n  <\/div>\n<\/div>","protected":false},"excerpt":{"rendered":"<p>Nossa hist\u00f3ria A&nbsp;Vittoria Uniformes&nbsp;surgiu em meados de 2013, instalada em uma pequena casa na Ponte do Imaruim Palho\u00e7a. Tendo como desafio o seu pr\u00f3prio crescimento, para atender a demanda de seus clientes, que foram sendo conquistados pela confian\u00e7a, qualidade em seus produtos. Com o passar do tempo tornou-se necess\u00e1ria a busca por um novo espa\u00e7o [&hellip;]<\/p>\n","protected":false},"author":1,"featured_media":0,"parent":0,"menu_order":0,"comment_status":"closed","ping_status":"open","template":"page-templates\/full-width-page.php","meta":{"footnotes":""},"class_list":["post-2","page","type-page","status-publish","hentry"],"_links":{"self":[{"href":"https:\/\/aecconfeccoes.com.br\/index.php\/wp-json\/wp\/v2\/pages\/2","targetHints":{"allow":["GET"]}}],"collection":[{"href":"https:\/\/aecconfeccoes.com.br\/index.php\/wp-json\/wp\/v2\/pages"}],"about":[{"href":"https:\/\/aecconfeccoes.com.br\/index.php\/wp-json\/wp\/v2\/types\/page"}],"author":[{"embeddable":true,"href":"https:\/\/aecconfeccoes.com.br\/index.php\/wp-json\/wp\/v2\/users\/1"}],"replies":[{"embeddable":true,"href":"https:\/\/aecconfeccoes.com.br\/index.php\/wp-json\/wp\/v2\/comments?post=2"}],"version-history":[{"count":5,"href":"https:\/\/aecconfeccoes.com.br\/index.php\/wp-json\/wp\/v2\/pages\/2\/revisions"}],"predecessor-version":[{"id":1899,"href":"https:\/\/aecconfeccoes.com.br\/index.php\/wp-json\/wp\/v2\/pages\/2\/revisions\/1899"}],"wp:attachment":[{"href":"https:\/\/aecconfeccoes.com.br\/index.php\/wp-json\/wp\/v2\/media?parent=2"}],"curies":[{"name":"wp","href":"https:\/\/api.w.org\/{rel}","templated":true}]}}